{"id":4,"date":"2013-02-10T17:07:59","date_gmt":"2013-02-10T17:07:59","guid":{"rendered":"http:\/\/e21f97a9413d7111c840e5abe51da475fb216e1c.web21.temporaryurl.org\/?page_id=4"},"modified":"2017-02-26T12:55:04","modified_gmt":"2017-02-26T11:55:04","slug":"home","status":"publish","type":"page","link":"https:\/\/dahliagaarden.dk\/","title":{"rendered":"Dahliagaarden"},"content":{"rendered":"<p>I sk\u00e6rehaven dyrkes hvert \u00e5r mange forskellige slags dahlia &#8211; eller georginer, som de ogs\u00e5 kaldes. Dahliagaarden har omkring 200 forskellige slags dahlia, og hvert \u00e5r indk\u00f8bes nye knolde, der skal afpr\u00f8ves i haven. I tilknytning til sk\u00e6rehaven er\u00a0i 2012 opf\u00f8rt et 300 m2 stort drivhus, som bl.a. skal bruges til forkultivering af knoldene. L\u00e6s med p\u00e5 sidens blog om aktiviteterne i haven.<\/p>\n<p><a href=\"https:\/\/dahliagaarden.dk\/wp-content\/uploads\/2013\/02\/Nyhedsbrev-drivhus-m-himmel.jpg\"><img loading=\"lazy\" class=\"alignnone size-large wp-image-100\" src=\"https:\/\/dahliagaarden.dk\/wp-content\/uploads\/2013\/02\/Nyhedsbrev-drivhus-m-himmel-1024x428.jpg\" alt=\"\" width=\"789\" height=\"330\" srcset=\"https:\/\/dahliagaarden.dk\/wp-content\/uploads\/2013\/02\/Nyhedsbrev-drivhus-m-himmel-1024x428.jpg 1024w, https:\/\/dahliagaarden.dk\/wp-content\/uploads\/2013\/02\/Nyhedsbrev-drivhus-m-himmel-300x125.jpg 300w, https:\/\/dahliagaarden.dk\/wp-content\/uploads\/2013\/02\/Nyhedsbrev-drivhus-m-himmel-600x250.jpg 600w, https:\/\/dahliagaarden.dk\/wp-content\/uploads\/2013\/02\/Nyhedsbrev-drivhus-m-himmel-720x300.jpg 720w, https:\/\/dahliagaarden.dk\/wp-content\/uploads\/2013\/02\/Nyhedsbrev-drivhus-m-himmel-540x225.jpg 540w\" sizes=\"(max-width: 789px) 100vw, 789px\" \/><\/a><\/p>\n<p><a href=\"https:\/\/dahliagaarden.dk\/wp-content\/uploads\/2013\/02\/cropped-DSC09039.jpg\"><img loading=\"lazy\" class=\"alignnone size-full wp-image-15\" src=\"https:\/\/dahliagaarden.dk\/wp-content\/uploads\/2013\/02\/cropped-DSC09039.jpg\" alt=\"\" width=\"960\" height=\"338\" srcset=\"https:\/\/dahliagaarden.dk\/wp-content\/uploads\/2013\/02\/cropped-DSC09039.jpg 960w, https:\/\/dahliagaarden.dk\/wp-content\/uploads\/2013\/02\/cropped-DSC09039-300x105.jpg 300w\" sizes=\"(max-width: 960px) 100vw, 960px\" \/><\/a><\/p>\n","protected":false},"excerpt":{"rendered":"<p>I sk\u00e6rehaven dyrkes hvert \u00e5r mange forskellige slags dahlia &#8211; eller georginer, som de ogs\u00e5 kaldes. Dahliagaarden har omkring 200 forskellige slags dahlia, og hvert \u00e5r indk\u00f8bes nye knolde, der skal afpr\u00f8ves i haven. I tilknytning til sk\u00e6rehaven er\u00a0i 2012 opf\u00f8rt et 300 m2 stort drivhus, som bl.a. skal bruges til forkultivering af knoldene. L\u00e6s [&hellip;]<\/p>\n","protected":false},"author":1,"featured_media":107,"parent":0,"menu_order":0,"comment_status":"closed","ping_status":"closed","template":"","meta":[],"_links":{"self":[{"href":"https:\/\/dahliagaarden.dk\/index.php?rest_route=\/wp\/v2\/pages\/4"}],"collection":[{"href":"https:\/\/dahliagaarden.dk\/index.php?rest_route=\/wp\/v2\/pages"}],"about":[{"href":"https:\/\/dahliagaarden.dk\/index.php?rest_route=\/wp\/v2\/types\/page"}],"author":[{"embeddable":true,"href":"https:\/\/dahliagaarden.dk\/index.php?rest_route=\/wp\/v2\/users\/1"}],"replies":[{"embeddable":true,"href":"https:\/\/dahliagaarden.dk\/index.php?rest_route=%2Fwp%2Fv2%2Fcomments&post=4"}],"version-history":[{"count":65,"href":"https:\/\/dahliagaarden.dk\/index.php?rest_route=\/wp\/v2\/pages\/4\/revisions"}],"predecessor-version":[{"id":4785,"href":"https:\/\/dahliagaarden.dk\/index.php?rest_route=\/wp\/v2\/pages\/4\/revisions\/4785"}],"wp:featuredmedia":[{"embeddable":true,"href":"https:\/\/dahliagaarden.dk\/index.php?rest_route=\/wp\/v2\/media\/107"}],"wp:attachment":[{"href":"https:\/\/dahliagaarden.dk\/index.php?rest_route=%2Fwp%2Fv2%2Fmedia&parent=4"}],"curies":[{"name":"wp","href":"https:\/\/api.w.org\/{rel}","templated":true}]}}