{"id":164,"date":"2013-02-13T12:56:33","date_gmt":"2013-02-13T12:56:33","guid":{"rendered":"http:\/\/e21f97a9413d7111c840e5abe51da475fb216e1c.web21.temporaryurl.org\/?page_id=164"},"modified":"2017-02-26T09:30:44","modified_gmt":"2017-02-26T08:30:44","slug":"om-os-2","status":"publish","type":"page","link":"https:\/\/dahliagaarden.dk\/?page_id=164","title":{"rendered":"Om os"},"content":{"rendered":"<p>Sk\u00e6rehaven, k\u00f8kkenhaven, staudehaven og drivhuset\u00a0bliver passet og plejet af Ann-Marie, der f\u00e5r hj\u00e6lp af sin datter Signe. I f\u00e6llesskab planl\u00e6gger vi aktiviteterne i haven og finder nye planter, fr\u00f8, l\u00f8g\u00a0og knolde, som skal afpr\u00f8ves.<\/p>\n<p><a href=\"https:\/\/dahliagaarden.dk\/wp-content\/uploads\/2013\/02\/IMG_1666.jpg\"><img loading=\"lazy\" class=\"alignnone size-medium wp-image-968\" src=\"https:\/\/dahliagaarden.dk\/wp-content\/uploads\/2013\/02\/IMG_1666-225x300.jpg\" alt=\"IMG_1666\" width=\"225\" height=\"300\" srcset=\"https:\/\/dahliagaarden.dk\/wp-content\/uploads\/2013\/02\/IMG_1666-225x300.jpg 225w, https:\/\/dahliagaarden.dk\/wp-content\/uploads\/2013\/02\/IMG_1666-768x1024.jpg 768w, https:\/\/dahliagaarden.dk\/wp-content\/uploads\/2013\/02\/IMG_1666-600x800.jpg 600w, https:\/\/dahliagaarden.dk\/wp-content\/uploads\/2013\/02\/IMG_1666-720x960.jpg 720w, https:\/\/dahliagaarden.dk\/wp-content\/uploads\/2013\/02\/IMG_1666-540x720.jpg 540w\" sizes=\"(max-width: 225px) 100vw, 225px\" \/><\/a>\u00a0\u00a0<a href=\"https:\/\/dahliagaarden.dk\/wp-content\/uploads\/2013\/02\/om-os-4.jpg\"><img loading=\"lazy\" class=\"alignnone  wp-image-2820\" src=\"https:\/\/dahliagaarden.dk\/wp-content\/uploads\/2013\/02\/om-os-4-719x1024.jpg\" alt=\"\" width=\"211\" height=\"300\" srcset=\"https:\/\/dahliagaarden.dk\/wp-content\/uploads\/2013\/02\/om-os-4-719x1024.jpg 719w, https:\/\/dahliagaarden.dk\/wp-content\/uploads\/2013\/02\/om-os-4-210x300.jpg 210w, https:\/\/dahliagaarden.dk\/wp-content\/uploads\/2013\/02\/om-os-4-600x854.jpg 600w, https:\/\/dahliagaarden.dk\/wp-content\/uploads\/2013\/02\/om-os-4-720x1025.jpg 720w, https:\/\/dahliagaarden.dk\/wp-content\/uploads\/2013\/02\/om-os-4-540x769.jpg 540w, https:\/\/dahliagaarden.dk\/wp-content\/uploads\/2013\/02\/om-os-4.jpg 1719w\" sizes=\"(max-width: 211px) 100vw, 211px\" \/><\/a> <a href=\"https:\/\/dahliagaarden.dk\/wp-content\/uploads\/2013\/02\/IMG_1548.jpg\"><img loading=\"lazy\" class=\"alignnone size-medium wp-image-969\" src=\"https:\/\/dahliagaarden.dk\/wp-content\/uploads\/2013\/02\/IMG_1548-225x300.jpg\" alt=\"IMG_1548\" width=\"225\" height=\"300\" srcset=\"https:\/\/dahliagaarden.dk\/wp-content\/uploads\/2013\/02\/IMG_1548-225x300.jpg 225w, https:\/\/dahliagaarden.dk\/wp-content\/uploads\/2013\/02\/IMG_1548-768x1024.jpg 768w, https:\/\/dahliagaarden.dk\/wp-content\/uploads\/2013\/02\/IMG_1548-600x800.jpg 600w, https:\/\/dahliagaarden.dk\/wp-content\/uploads\/2013\/02\/IMG_1548-720x960.jpg 720w, https:\/\/dahliagaarden.dk\/wp-content\/uploads\/2013\/02\/IMG_1548-540x720.jpg 540w\" sizes=\"(max-width: 225px) 100vw, 225px\" \/><\/a><\/p>\n<p>Den store interesse for georginer startede for omkring 10 \u00e5r siden, hvor samlingen blot bestod af en h\u00e5ndfuld forskellige slags georginer. De blev hurtigt suppleret med nye fra ind- og udland &#8211; og nye\u00a0findes hvert \u00e5r.\u00a0Idag best\u00e5r &#8216;samlingen&#8217; af ca. 200 forskellige slags georginer.<\/p>\n<p><a href=\"http:\/\/e21f97a9413d7111c840e5abe51da475fb216e1c.web21.temporaryurl.org\/wp-content\/uploads\/2013\/02\/drivhus-slider.jpg\"><img loading=\"lazy\" class=\"alignnone wp-image-122\" src=\"http:\/\/e21f97a9413d7111c840e5abe51da475fb216e1c.web21.temporaryurl.org\/wp-content\/uploads\/2013\/02\/drivhus-slider-1024x428.jpg\" alt=\"drivhus slider\" width=\"729\" height=\"305\" \/><\/a><\/p>\n<p>Overfloden af blomster bliver benyttet til at lave smukke dekorationer og buketter. S\u00e6rligt georginernes overd\u00e5dige blomsterflor sidst p\u00e5 sommeren bliver ofte brugt til overd\u00e5dige kreationer. Sk\u00e6rehavens bede\u00a0best\u00e5r hovedsageligt at georginer &#8211; omkring 300 knolde bliver lagt i jorden i sk\u00e6rehaven hver \u00e5r.<\/p>\n<p><a href=\"http:\/\/e21f97a9413d7111c840e5abe51da475fb216e1c.web21.temporaryurl.org\/wp-content\/uploads\/2013\/02\/mor-og-far-i-sk\u00e6rehave.jpg\"><img loading=\"lazy\" class=\"alignnone wp-image-293\" src=\"http:\/\/e21f97a9413d7111c840e5abe51da475fb216e1c.web21.temporaryurl.org\/wp-content\/uploads\/2013\/02\/mor-og-far-i-sk\u00e6rehave-150x150.jpg\" alt=\"mor og far i sk\u00e6rehave\" width=\"151\" height=\"151\" srcset=\"https:\/\/dahliagaarden.dk\/wp-content\/uploads\/2013\/02\/mor-og-far-i-sk\u00e6rehave-150x150.jpg 150w, https:\/\/dahliagaarden.dk\/wp-content\/uploads\/2013\/02\/mor-og-far-i-sk\u00e6rehave-55x55.jpg 55w, https:\/\/dahliagaarden.dk\/wp-content\/uploads\/2013\/02\/mor-og-far-i-sk\u00e6rehave-94x94.jpg 94w, https:\/\/dahliagaarden.dk\/wp-content\/uploads\/2013\/02\/mor-og-far-i-sk\u00e6rehave-86x86.jpg 86w\" sizes=\"(max-width: 151px) 100vw, 151px\" \/><\/a>\u00a0<a href=\"http:\/\/e21f97a9413d7111c840e5abe51da475fb216e1c.web21.temporaryurl.org\/wp-content\/uploads\/2013\/02\/signe-med-geoer1.jpg\"><img loading=\"lazy\" class=\"alignnone size-thumbnail wp-image-310\" src=\"http:\/\/e21f97a9413d7111c840e5abe51da475fb216e1c.web21.temporaryurl.org\/wp-content\/uploads\/2013\/02\/signe-med-geoer1-150x150.jpg\" alt=\"signe med geoer\" width=\"150\" height=\"150\" srcset=\"https:\/\/dahliagaarden.dk\/wp-content\/uploads\/2013\/02\/signe-med-geoer1-150x150.jpg 150w, https:\/\/dahliagaarden.dk\/wp-content\/uploads\/2013\/02\/signe-med-geoer1-55x55.jpg 55w, https:\/\/dahliagaarden.dk\/wp-content\/uploads\/2013\/02\/signe-med-geoer1-94x94.jpg 94w, https:\/\/dahliagaarden.dk\/wp-content\/uploads\/2013\/02\/signe-med-geoer1-86x86.jpg 86w\" sizes=\"(max-width: 150px) 100vw, 150px\" \/><\/a>\u00a0<a href=\"http:\/\/e21f97a9413d7111c840e5abe51da475fb216e1c.web21.temporaryurl.org\/wp-content\/uploads\/2013\/02\/buket.jpg\"><img loading=\"lazy\" class=\"alignnone size-thumbnail wp-image-318\" src=\"http:\/\/e21f97a9413d7111c840e5abe51da475fb216e1c.web21.temporaryurl.org\/wp-content\/uploads\/2013\/02\/buket-150x150.jpg\" alt=\"buket\" width=\"150\" height=\"150\" srcset=\"https:\/\/dahliagaarden.dk\/wp-content\/uploads\/2013\/02\/buket-150x150.jpg 150w, https:\/\/dahliagaarden.dk\/wp-content\/uploads\/2013\/02\/buket-55x55.jpg 55w, https:\/\/dahliagaarden.dk\/wp-content\/uploads\/2013\/02\/buket-94x94.jpg 94w, https:\/\/dahliagaarden.dk\/wp-content\/uploads\/2013\/02\/buket-86x86.jpg 86w\" sizes=\"(max-width: 150px) 100vw, 150px\" \/><\/a>\u00a0<a href=\"https:\/\/dahliagaarden.dk\/wp-content\/uploads\/2013\/02\/Luftbillede-sk\u00e6rehave-besk\u00e5ret.jpg\"><img loading=\"lazy\" class=\"alignnone wp-image-315\" src=\"https:\/\/dahliagaarden.dk\/wp-content\/uploads\/2013\/02\/Luftbillede-sk\u00e6rehave-besk\u00e5ret-1024x872.jpg\" alt=\"\" width=\"177\" height=\"150\" srcset=\"https:\/\/dahliagaarden.dk\/wp-content\/uploads\/2013\/02\/Luftbillede-sk\u00e6rehave-besk\u00e5ret-1024x872.jpg 1024w, https:\/\/dahliagaarden.dk\/wp-content\/uploads\/2013\/02\/Luftbillede-sk\u00e6rehave-besk\u00e5ret-300x255.jpg 300w, https:\/\/dahliagaarden.dk\/wp-content\/uploads\/2013\/02\/Luftbillede-sk\u00e6rehave-besk\u00e5ret-600x511.jpg 600w, https:\/\/dahliagaarden.dk\/wp-content\/uploads\/2013\/02\/Luftbillede-sk\u00e6rehave-besk\u00e5ret-720x613.jpg 720w, https:\/\/dahliagaarden.dk\/wp-content\/uploads\/2013\/02\/Luftbillede-sk\u00e6rehave-besk\u00e5ret-540x460.jpg 540w, https:\/\/dahliagaarden.dk\/wp-content\/uploads\/2013\/02\/Luftbillede-sk\u00e6rehave-besk\u00e5ret.jpg 1585w\" sizes=\"(max-width: 177px) 100vw, 177px\" \/><\/a><\/p>\n<p>Udover sk\u00e6rehaven og drivhuset er der k\u00f8kkenhaven og staudehaven. En sm\u00e5bladet buksbomh\u00e6k klippet i &#8216;bobler&#8217; omkranser k\u00f8kkenhaven &#8211; og p\u00e5 g\u00e5rdspladsen st\u00e5r altid et hav af selvs\u00e5ede K\u00e6mpe Verbena.<\/p>\n<p><a href=\"http:\/\/e21f97a9413d7111c840e5abe51da475fb216e1c.web21.temporaryurl.org\/wp-content\/uploads\/2013\/02\/Marta-og-buksbom.jpg\"><img loading=\"lazy\" class=\"alignnone wp-image-478\" src=\"http:\/\/e21f97a9413d7111c840e5abe51da475fb216e1c.web21.temporaryurl.org\/wp-content\/uploads\/2013\/02\/Marta-og-buksbom-300x225.jpg\" alt=\"Marta og buksbom\" width=\"314\" height=\"236\" srcset=\"https:\/\/dahliagaarden.dk\/wp-content\/uploads\/2013\/02\/Marta-og-buksbom-300x225.jpg 300w, https:\/\/dahliagaarden.dk\/wp-content\/uploads\/2013\/02\/Marta-og-buksbom-1024x768.jpg 1024w, https:\/\/dahliagaarden.dk\/wp-content\/uploads\/2013\/02\/Marta-og-buksbom-600x450.jpg 600w, https:\/\/dahliagaarden.dk\/wp-content\/uploads\/2013\/02\/Marta-og-buksbom-720x540.jpg 720w, https:\/\/dahliagaarden.dk\/wp-content\/uploads\/2013\/02\/Marta-og-buksbom-540x405.jpg 540w\" sizes=\"(max-width: 314px) 100vw, 314px\" \/><\/a>\u00a0<a href=\"http:\/\/e21f97a9413d7111c840e5abe51da475fb216e1c.web21.temporaryurl.org\/wp-content\/uploads\/2013\/02\/violfr\u00f8stjerner.jpg\"><img loading=\"lazy\" class=\"alignnone wp-image-476\" src=\"http:\/\/e21f97a9413d7111c840e5abe51da475fb216e1c.web21.temporaryurl.org\/wp-content\/uploads\/2013\/02\/violfr\u00f8stjerner-300x225.jpg\" alt=\"violfr\u00f8stjerner\" width=\"313\" height=\"235\" srcset=\"https:\/\/dahliagaarden.dk\/wp-content\/uploads\/2013\/02\/violfr\u00f8stjerner-300x225.jpg 300w, https:\/\/dahliagaarden.dk\/wp-content\/uploads\/2013\/02\/violfr\u00f8stjerner-1024x768.jpg 1024w, https:\/\/dahliagaarden.dk\/wp-content\/uploads\/2013\/02\/violfr\u00f8stjerner-600x450.jpg 600w, https:\/\/dahliagaarden.dk\/wp-content\/uploads\/2013\/02\/violfr\u00f8stjerner-720x540.jpg 720w, https:\/\/dahliagaarden.dk\/wp-content\/uploads\/2013\/02\/violfr\u00f8stjerner-540x405.jpg 540w\" sizes=\"(max-width: 313px) 100vw, 313px\" \/><\/a><\/p>\n<p><a href=\"http:\/\/e21f97a9413d7111c840e5abe51da475fb216e1c.web21.temporaryurl.org\/wp-content\/uploads\/2013\/02\/Staudebed.jpg\"><img loading=\"lazy\" class=\"alignnone wp-image-475\" src=\"http:\/\/e21f97a9413d7111c840e5abe51da475fb216e1c.web21.temporaryurl.org\/wp-content\/uploads\/2013\/02\/Staudebed-300x225.jpg\" alt=\"Staudebed\" width=\"315\" height=\"236\" srcset=\"https:\/\/dahliagaarden.dk\/wp-content\/uploads\/2013\/02\/Staudebed-300x225.jpg 300w, https:\/\/dahliagaarden.dk\/wp-content\/uploads\/2013\/02\/Staudebed-1024x768.jpg 1024w, https:\/\/dahliagaarden.dk\/wp-content\/uploads\/2013\/02\/Staudebed-600x450.jpg 600w, https:\/\/dahliagaarden.dk\/wp-content\/uploads\/2013\/02\/Staudebed-720x540.jpg 720w, https:\/\/dahliagaarden.dk\/wp-content\/uploads\/2013\/02\/Staudebed-540x405.jpg 540w\" sizes=\"(max-width: 315px) 100vw, 315px\" \/><\/a>\u00a0<a href=\"https:\/\/dahliagaarden.dk\/wp-content\/uploads\/2013\/02\/K\u00f8kkenhaven.jpg\"><img loading=\"lazy\" class=\"alignnone wp-image-477\" src=\"https:\/\/dahliagaarden.dk\/wp-content\/uploads\/2013\/02\/K\u00f8kkenhaven-1024x768.jpg\" alt=\"\" width=\"316\" height=\"237\" srcset=\"https:\/\/dahliagaarden.dk\/wp-content\/uploads\/2013\/02\/K\u00f8kkenhaven-1024x768.jpg 1024w, https:\/\/dahliagaarden.dk\/wp-content\/uploads\/2013\/02\/K\u00f8kkenhaven-300x225.jpg 300w, https:\/\/dahliagaarden.dk\/wp-content\/uploads\/2013\/02\/K\u00f8kkenhaven-600x450.jpg 600w, https:\/\/dahliagaarden.dk\/wp-content\/uploads\/2013\/02\/K\u00f8kkenhaven-720x540.jpg 720w, https:\/\/dahliagaarden.dk\/wp-content\/uploads\/2013\/02\/K\u00f8kkenhaven-540x405.jpg 540w\" sizes=\"(max-width: 316px) 100vw, 316px\" \/><\/a><\/p>\n<p>Der er altid travlt i Sk\u00e6rehaven med at luge, klippe eller binde op, n\u00e5r georginerne st\u00e5r i fuldt flor.<\/p>\n<p><a href=\"https:\/\/dahliagaarden.dk\/wp-content\/uploads\/2013\/02\/om-os-1.jpg\"><img loading=\"lazy\" class=\"alignnone wp-image-2817\" src=\"https:\/\/dahliagaarden.dk\/wp-content\/uploads\/2013\/02\/om-os-1-225x300.jpg\" alt=\"om os 1\" width=\"213\" height=\"284\" srcset=\"https:\/\/dahliagaarden.dk\/wp-content\/uploads\/2013\/02\/om-os-1-225x300.jpg 225w, https:\/\/dahliagaarden.dk\/wp-content\/uploads\/2013\/02\/om-os-1-768x1024.jpg 768w, https:\/\/dahliagaarden.dk\/wp-content\/uploads\/2013\/02\/om-os-1-600x800.jpg 600w, https:\/\/dahliagaarden.dk\/wp-content\/uploads\/2013\/02\/om-os-1-720x960.jpg 720w, https:\/\/dahliagaarden.dk\/wp-content\/uploads\/2013\/02\/om-os-1-540x720.jpg 540w\" sizes=\"(max-width: 213px) 100vw, 213px\" \/><\/a>\u00a0<a href=\"https:\/\/dahliagaarden.dk\/wp-content\/uploads\/2013\/02\/om-os-4.jpg\"><img loading=\"lazy\" class=\"alignnone wp-image-2820\" src=\"https:\/\/dahliagaarden.dk\/wp-content\/uploads\/2013\/02\/om-os-4-210x300.jpg\" alt=\"om os 4\" width=\"199\" height=\"284\" srcset=\"https:\/\/dahliagaarden.dk\/wp-content\/uploads\/2013\/02\/om-os-4-210x300.jpg 210w, https:\/\/dahliagaarden.dk\/wp-content\/uploads\/2013\/02\/om-os-4-719x1024.jpg 719w, https:\/\/dahliagaarden.dk\/wp-content\/uploads\/2013\/02\/om-os-4-600x854.jpg 600w, https:\/\/dahliagaarden.dk\/wp-content\/uploads\/2013\/02\/om-os-4-720x1025.jpg 720w, https:\/\/dahliagaarden.dk\/wp-content\/uploads\/2013\/02\/om-os-4-540x769.jpg 540w, https:\/\/dahliagaarden.dk\/wp-content\/uploads\/2013\/02\/om-os-4.jpg 1719w\" sizes=\"(max-width: 199px) 100vw, 199px\" \/><\/a>\u00a0<a href=\"https:\/\/dahliagaarden.dk\/wp-content\/uploads\/2013\/02\/om-os-2.jpg\"><img loading=\"lazy\" class=\"alignnone wp-image-2818\" src=\"https:\/\/dahliagaarden.dk\/wp-content\/uploads\/2013\/02\/om-os-2-225x300.jpg\" alt=\"om os 2\" width=\"213\" height=\"284\" srcset=\"https:\/\/dahliagaarden.dk\/wp-content\/uploads\/2013\/02\/om-os-2-225x300.jpg 225w, https:\/\/dahliagaarden.dk\/wp-content\/uploads\/2013\/02\/om-os-2-768x1024.jpg 768w, https:\/\/dahliagaarden.dk\/wp-content\/uploads\/2013\/02\/om-os-2-600x800.jpg 600w, https:\/\/dahliagaarden.dk\/wp-content\/uploads\/2013\/02\/om-os-2-720x960.jpg 720w, https:\/\/dahliagaarden.dk\/wp-content\/uploads\/2013\/02\/om-os-2-540x720.jpg 540w\" sizes=\"(max-width: 213px) 100vw, 213px\" \/><\/a><\/p>\n<p><a href=\"https:\/\/dahliagaarden.dk\/wp-content\/uploads\/2013\/02\/om-os-3.jpg\"><img loading=\"lazy\" class=\"alignleft wp-image-2819 size-large\" src=\"https:\/\/dahliagaarden.dk\/wp-content\/uploads\/2013\/02\/om-os-3-1024x768.jpg\" alt=\"om os 3\" width=\"640\" height=\"480\" srcset=\"https:\/\/dahliagaarden.dk\/wp-content\/uploads\/2013\/02\/om-os-3-1024x768.jpg 1024w, https:\/\/dahliagaarden.dk\/wp-content\/uploads\/2013\/02\/om-os-3-300x225.jpg 300w, https:\/\/dahliagaarden.dk\/wp-content\/uploads\/2013\/02\/om-os-3-600x450.jpg 600w, https:\/\/dahliagaarden.dk\/wp-content\/uploads\/2013\/02\/om-os-3-720x540.jpg 720w, https:\/\/dahliagaarden.dk\/wp-content\/uploads\/2013\/02\/om-os-3-540x405.jpg 540w\" sizes=\"(max-width: 640px) 100vw, 640px\" \/><\/a><\/p>\n","protected":false},"excerpt":{"rendered":"<p>Sk\u00e6rehaven, k\u00f8kkenhaven, staudehaven og drivhuset\u00a0bliver passet og plejet af Ann-Marie, der f\u00e5r hj\u00e6lp af sin datter Signe. I f\u00e6llesskab planl\u00e6gger vi aktiviteterne i haven og finder nye planter, fr\u00f8, l\u00f8g\u00a0og knolde, som skal afpr\u00f8ves. \u00a0\u00a0 Den store interesse for georginer startede for omkring 10 \u00e5r siden, hvor samlingen blot bestod af en h\u00e5ndfuld forskellige slags [&hellip;]<\/p>\n","protected":false},"author":1,"featured_media":0,"parent":0,"menu_order":0,"comment_status":"closed","ping_status":"closed","template":"template-full.php","meta":[],"_links":{"self":[{"href":"https:\/\/dahliagaarden.dk\/index.php?rest_route=\/wp\/v2\/pages\/164"}],"collection":[{"href":"https:\/\/dahliagaarden.dk\/index.php?rest_route=\/wp\/v2\/pages"}],"about":[{"href":"https:\/\/dahliagaarden.dk\/index.php?rest_route=\/wp\/v2\/types\/page"}],"author":[{"embeddable":true,"href":"https:\/\/dahliagaarden.dk\/index.php?rest_route=\/wp\/v2\/users\/1"}],"replies":[{"embeddable":true,"href":"https:\/\/dahliagaarden.dk\/index.php?rest_route=%2Fwp%2Fv2%2Fcomments&post=164"}],"version-history":[{"count":67,"href":"https:\/\/dahliagaarden.dk\/index.php?rest_route=\/wp\/v2\/pages\/164\/revisions"}],"predecessor-version":[{"id":4780,"href":"https:\/\/dahliagaarden.dk\/index.php?rest_route=\/wp\/v2\/pages\/164\/revisions\/4780"}],"wp:attachment":[{"href":"https:\/\/dahliagaarden.dk\/index.php?rest_route=%2Fwp%2Fv2%2Fmedia&parent=164"}],"curies":[{"name":"wp","href":"https:\/\/api.w.org\/{rel}","templated":true}]}}